{"id":15094,"date":"2024-07-27T10:20:52","date_gmt":"2024-07-27T07:20:52","guid":{"rendered":"https:\/\/linalakkshop.ee\/toode\/leave-in-spray-balm-with-argan-oil-250ml-2\/"},"modified":"2024-07-27T10:20:52","modified_gmt":"2024-07-27T07:20:52","slug":"leave-in-spray-balm-with-argan-oil-250ml-2","status":"publish","type":"product","link":"https:\/\/linalakkshop.ee\/en\/toode\/leave-in-spray-balm-with-argan-oil-250ml-2\/","title":{"rendered":"Leave-in spray balm with argan oil 250ml"},"content":{"rendered":"<p>LEAVE-IN SPRAY CONDITIONER WITH ARGAN OIL 250ml<\/p>\n<p>Toitke ja kaitske oma juukseid Linalakk argaania\u00f5liga leave-in spreipalsamiga.<br \/>\nArgaania\u00f5liga leave-in spreipalsam 250ml sobib k\u00f5ikidele juukset\u00fc\u00fcpidele, tagades kohese niiskuse, s\u00e4ra ja juhitavuse.<br \/>\nArgaania\u00f5liga juustesse j\u00e4etav spreipalsam aitab siluda ja taastada juuste loomuliku s\u00e4ra ja nende struktuuri terviklikkuse. See soodustab nende taastumist ja aitab kergemini lahti harutada.<br \/>\nArgaania\u00f5li on tuntud oma k\u00f5rge A- ja E-vitamiini kontsentratsiooni ning k\u00fcllastumata rasvhapete, Omega 3 ja Omega 9 poolest. <\/p>\n<p>LEAVE-IN SPRAY CONDITIONER WITH ARGAN OIL FEATURES:<br \/>\nDeep hydration: Enriched with Panthenol (provitamin B5), argan oil, wheat germ and wheat proteins, the conditioner deeply moisturizes and nourishes your hair.<br \/>\nDetangling: Detangle and smooth hair effortlessly, reducing breakage and split ends.<br \/>\npH balancing: Helps restore your hair&#8217;s natural pH balance, promoting healthy growth and shine.<br \/>\nAntistatic protection: Controls frizz and flyaways, leaving your hair smooth.<br \/>\nVersatility: Suitable for both wet and dry hair.<\/p>\n<p>HOW TO USE:<br \/>\nSpray liberally onto wet or dry hair. Comb through thoroughly for even distribution. Style as desired. No need to rinse!<br \/>\nWe also recommend using Linalakk Argan Oil Shampoo.<\/p>\n<p>You can read more about Argan oil in the LinalakkShop e-shop blog: ARGAN OIL AS LIQUID GOLD FOR HAIR.<\/p>\n<p>INCI:<br \/>\nWater, Denatured Ethanol, Diethylenetriamine, Copolymer, Polyquaternium-22, CetylTrimethyl, Ammonium Chloride, Panthenol, Polysorbate-20,Wheatgermamidopropyl Dimethylamine, HydrolysedWheat Protin,Argania (Argan) Spinosa Oil, Parfum, Citric Acid, Methylparaben,FD+CYellow No 5, D+C Red<\/p>\n","protected":false},"excerpt":{"rendered":"<p>A lightweight, hydrating leave-in conditioner with argan oil.<br \/>\nHelps detangle tangles and absorbs completely into hair. Improves manageability and provides optimal hydration without weighing hair down. <\/p>\n<p>Contains panthenol (pro-vitamin B5), argan oil, wheat germ oil.<br \/>\nPanthenol moisturizes and seals the hair surface.<br \/>\nArgan oil contains vitamin E, thiamine, zinc, magnesium and fatty acids.<br \/>\nWheat germ oil makes the hair antistatic.<\/p>\n<p>Suitable for all hair types.<\/p>\n<p>NOT SUITABLE FOR HAIR EXTENSIONS!<\/p>\n<p>HOW TO USE: Apply to damp or dry hair, comb through. Do not rinse. <\/p>\n","protected":false},"featured_media":11315,"template":"","meta":{"inline_featured_image":false,"site-sidebar-layout":"default","site-content-layout":"","ast-site-content-layout":"default","site-content-style":"default","site-sidebar-style":"default","ast-global-header-display":"","ast-banner-title-visibility":"","ast-main-header-display":"","ast-hfb-above-header-display":"","ast-hfb-below-header-display":"","ast-hfb-mobile-header-display":"","site-post-title":"","ast-breadcrumbs-content":"","ast-featured-img":"","footer-sml-layout":"","ast-disable-related-posts":"","theme-transparent-header-meta":"default","adv-header-id-meta":"","stick-header-meta":"default","header-above-stick-meta":"","header-main-stick-meta":"","header-below-stick-meta":"","astra-migrate-meta-layouts":"default","ast-page-background-enabled":"default","ast-page-background-meta":{"desktop":{"background-color":"var(--ast-global-color-4)","background-image":"","background-repeat":"repeat","background-position":"center center","background-size":"auto","background-attachment":"scroll","background-type":"","background-media":"","overlay-type":"","overlay-color":"","overlay-opacity":"","overlay-gradient":""},"tablet":{"background-color":"","background-image":"","background-repeat":"repeat","background-position":"center center","background-size":"auto","background-attachment":"scroll","background-type":"","background-media":"","overlay-type":"","overlay-color":"","overlay-opacity":"","overlay-gradient":""},"mobile":{"background-color":"","background-image":"","background-repeat":"repeat","background-position":"center center","background-size":"auto","background-attachment":"scroll","background-type":"","background-media":"","overlay-type":"","overlay-color":"","overlay-opacity":"","overlay-gradient":""}},"ast-content-background-meta":{"desktop":{"background-color":"var(--ast-global-color-5)","background-image":"","background-repeat":"repeat","background-position":"center center","background-size":"auto","background-attachment":"scroll","background-type":"","background-media":"","overlay-type":"","overlay-color":"","overlay-opacity":"","overlay-gradient":""},"tablet":{"background-color":"var(--ast-global-color-5)","background-image":"","background-repeat":"repeat","background-position":"center center","background-size":"auto","background-attachment":"scroll","background-type":"","background-media":"","overlay-type":"","overlay-color":"","overlay-opacity":"","overlay-gradient":""},"mobile":{"background-color":"var(--ast-global-color-5)","background-image":"","background-repeat":"repeat","background-position":"center center","background-size":"auto","background-attachment":"scroll","background-type":"","background-media":"","overlay-type":"","overlay-color":"","overlay-opacity":"","overlay-gradient":""}}},"product_brand":[159],"product_cat":[106,96],"product_tag":[],"class_list":{"0":"post-15094","1":"product","2":"type-product","3":"status-publish","4":"has-post-thumbnail","6":"product_brand-linalakk","7":"product_cat-outlet-en","8":"product_cat-conditioners","9":"desktop-align-center","10":"tablet-align-left","11":"mobile-align-center","12":"ast-product-gallery-layout-horizontal","13":"ast-product-gallery-with-no-image","14":"ast-product-tabs-layout-horizontal","15":"ast-qv-on-image","17":"first","18":"instock","19":"sale","20":"taxable","21":"shipping-taxable","22":"purchasable","23":"product-type-simple"},"yoast_head":"<!-- This site is optimized with the Yoast SEO plugin v26.8 - https:\/\/yoast.com\/product\/yoast-seo-wordpress\/ -->\n<title>Leave-in spray balm with argan oil 250ml - Linalakk<\/title>\n<meta name=\"description\" content=\"Leave-in spray conditioner with argan oil, 250ml is a moisturizing and leave-in spray conditioner for light hair. Helps to detangle locks and improves brushing.\" \/>\n<meta name=\"robots\" content=\"index, follow, max-snippet:-1, max-image-preview:large, max-video-preview:-1\" \/>\n<link rel=\"canonical\" href=\"https:\/\/linalakkshop.ee\/en\/toode\/leave-in-spray-balm-with-argan-oil-250ml-2\/\" \/>\n<meta property=\"og:locale\" content=\"en_US\" \/>\n<meta property=\"og:type\" content=\"article\" \/>\n<meta property=\"og:title\" content=\"Leave-in spray balm with argan oil 250ml - Linalakk\" \/>\n<meta property=\"og:description\" content=\"Leave-in spray conditioner with argan oil, 250ml is a moisturizing and leave-in spray conditioner for light hair. Helps to detangle locks and improves brushing.\" \/>\n<meta property=\"og:url\" content=\"https:\/\/linalakkshop.ee\/en\/toode\/leave-in-spray-balm-with-argan-oil-250ml-2\/\" \/>\n<meta property=\"og:site_name\" content=\"Linalakk\" \/>\n<meta property=\"article:publisher\" content=\"https:\/\/www.facebook.com\/LinalakkShop\" \/>\n<meta property=\"og:image\" content=\"https:\/\/linalakkshop.ee\/wp-content\/uploads\/2024\/07\/sprei1-scaled-1.jpg\" \/>\n\t<meta property=\"og:image:width\" content=\"1953\" \/>\n\t<meta property=\"og:image:height\" content=\"2560\" \/>\n\t<meta property=\"og:image:type\" content=\"image\/jpeg\" \/>\n<meta name=\"twitter:card\" content=\"summary_large_image\" \/>\n<meta name=\"twitter:label1\" content=\"Est. reading time\" \/>\n\t<meta name=\"twitter:data1\" content=\"1 minute\" \/>\n<script type=\"application\/ld+json\" class=\"yoast-schema-graph\">{\"@context\":\"https:\/\/schema.org\",\"@graph\":[{\"@type\":\"WebPage\",\"@id\":\"https:\/\/linalakkshop.ee\/en\/toode\/leave-in-spray-balm-with-argan-oil-250ml-2\/\",\"url\":\"https:\/\/linalakkshop.ee\/en\/toode\/leave-in-spray-balm-with-argan-oil-250ml-2\/\",\"name\":\"Leave-in spray balm with argan oil 250ml - Linalakk\",\"isPartOf\":{\"@id\":\"https:\/\/linalakkshop.ee\/#website\"},\"primaryImageOfPage\":{\"@id\":\"https:\/\/linalakkshop.ee\/en\/toode\/leave-in-spray-balm-with-argan-oil-250ml-2\/#primaryimage\"},\"image\":{\"@id\":\"https:\/\/linalakkshop.ee\/en\/toode\/leave-in-spray-balm-with-argan-oil-250ml-2\/#primaryimage\"},\"thumbnailUrl\":\"https:\/\/linalakkshop.ee\/wp-content\/uploads\/2024\/07\/sprei1-scaled-1.jpg\",\"datePublished\":\"2024-07-27T07:20:52+00:00\",\"description\":\"Leave-in spray conditioner with argan oil, 250ml is a moisturizing and leave-in spray conditioner for light hair. Helps to detangle locks and improves brushing.\",\"breadcrumb\":{\"@id\":\"https:\/\/linalakkshop.ee\/en\/toode\/leave-in-spray-balm-with-argan-oil-250ml-2\/#breadcrumb\"},\"inLanguage\":\"en-US\",\"potentialAction\":[{\"@type\":\"ReadAction\",\"target\":[\"https:\/\/linalakkshop.ee\/en\/toode\/leave-in-spray-balm-with-argan-oil-250ml-2\/\"]}]},{\"@type\":\"ImageObject\",\"inLanguage\":\"en-US\",\"@id\":\"https:\/\/linalakkshop.ee\/en\/toode\/leave-in-spray-balm-with-argan-oil-250ml-2\/#primaryimage\",\"url\":\"https:\/\/linalakkshop.ee\/wp-content\/uploads\/2024\/07\/sprei1-scaled-1.jpg\",\"contentUrl\":\"https:\/\/linalakkshop.ee\/wp-content\/uploads\/2024\/07\/sprei1-scaled-1.jpg\",\"width\":1953,\"height\":2560,\"caption\":\"Leave-in spray balm with argan oil 250ml\"},{\"@type\":\"BreadcrumbList\",\"@id\":\"https:\/\/linalakkshop.ee\/en\/toode\/leave-in-spray-balm-with-argan-oil-250ml-2\/#breadcrumb\",\"itemListElement\":[{\"@type\":\"ListItem\",\"position\":1,\"name\":\"Esileht\",\"item\":\"https:\/\/linalakkshop.ee\/en\/homepage\/\"},{\"@type\":\"ListItem\",\"position\":2,\"name\":\"E-shop\",\"item\":\"https:\/\/linalakkshop.ee\/en\/shop\/\"},{\"@type\":\"ListItem\",\"position\":3,\"name\":\"Leave-in spray balm with argan oil 250ml\"}]},{\"@type\":\"WebSite\",\"@id\":\"https:\/\/linalakkshop.ee\/#website\",\"url\":\"https:\/\/linalakkshop.ee\/\",\"name\":\"Linalakk\",\"description\":\"Eksklusiivsed tooted Sinu juuste heaks! Et iga p\u00e4ev oleks heade juuste p\u00e4ev!\",\"publisher\":{\"@id\":\"https:\/\/linalakkshop.ee\/#organization\"},\"potentialAction\":[{\"@type\":\"SearchAction\",\"target\":{\"@type\":\"EntryPoint\",\"urlTemplate\":\"https:\/\/linalakkshop.ee\/?s={search_term_string}\"},\"query-input\":{\"@type\":\"PropertyValueSpecification\",\"valueRequired\":true,\"valueName\":\"search_term_string\"}}],\"inLanguage\":\"en-US\"},{\"@type\":\"Organization\",\"@id\":\"https:\/\/linalakkshop.ee\/#organization\",\"name\":\"Linalakk\",\"url\":\"https:\/\/linalakkshop.ee\/\",\"logo\":{\"@type\":\"ImageObject\",\"inLanguage\":\"en-US\",\"@id\":\"https:\/\/linalakkshop.ee\/#\/schema\/logo\/image\/\",\"url\":\"https:\/\/linalakkshop.ee\/wp-content\/uploads\/2024\/08\/letter-l-1.webp\",\"contentUrl\":\"https:\/\/linalakkshop.ee\/wp-content\/uploads\/2024\/08\/letter-l-1.webp\",\"width\":512,\"height\":512,\"caption\":\"Linalakk\"},\"image\":{\"@id\":\"https:\/\/linalakkshop.ee\/#\/schema\/logo\/image\/\"},\"sameAs\":[\"https:\/\/www.facebook.com\/LinalakkShop\"]}]}<\/script>\n<!-- \/ Yoast SEO plugin. -->","yoast_head_json":{"title":"Leave-in spray balm with argan oil 250ml - Linalakk","description":"Leave-in spray conditioner with argan oil, 250ml is a moisturizing and leave-in spray conditioner for light hair. Helps to detangle locks and improves brushing.","robots":{"index":"index","follow":"follow","max-snippet":"max-snippet:-1","max-image-preview":"max-image-preview:large","max-video-preview":"max-video-preview:-1"},"canonical":"https:\/\/linalakkshop.ee\/en\/toode\/leave-in-spray-balm-with-argan-oil-250ml-2\/","og_locale":"en_US","og_type":"article","og_title":"Leave-in spray balm with argan oil 250ml - Linalakk","og_description":"Leave-in spray conditioner with argan oil, 250ml is a moisturizing and leave-in spray conditioner for light hair. Helps to detangle locks and improves brushing.","og_url":"https:\/\/linalakkshop.ee\/en\/toode\/leave-in-spray-balm-with-argan-oil-250ml-2\/","og_site_name":"Linalakk","article_publisher":"https:\/\/www.facebook.com\/LinalakkShop","og_image":[{"width":1953,"height":2560,"url":"https:\/\/linalakkshop.ee\/wp-content\/uploads\/2024\/07\/sprei1-scaled-1.jpg","type":"image\/jpeg"}],"twitter_card":"summary_large_image","twitter_misc":{"Est. reading time":"1 minute"},"schema":{"@context":"https:\/\/schema.org","@graph":[{"@type":"WebPage","@id":"https:\/\/linalakkshop.ee\/en\/toode\/leave-in-spray-balm-with-argan-oil-250ml-2\/","url":"https:\/\/linalakkshop.ee\/en\/toode\/leave-in-spray-balm-with-argan-oil-250ml-2\/","name":"Leave-in spray balm with argan oil 250ml - Linalakk","isPartOf":{"@id":"https:\/\/linalakkshop.ee\/#website"},"primaryImageOfPage":{"@id":"https:\/\/linalakkshop.ee\/en\/toode\/leave-in-spray-balm-with-argan-oil-250ml-2\/#primaryimage"},"image":{"@id":"https:\/\/linalakkshop.ee\/en\/toode\/leave-in-spray-balm-with-argan-oil-250ml-2\/#primaryimage"},"thumbnailUrl":"https:\/\/linalakkshop.ee\/wp-content\/uploads\/2024\/07\/sprei1-scaled-1.jpg","datePublished":"2024-07-27T07:20:52+00:00","description":"Leave-in spray conditioner with argan oil, 250ml is a moisturizing and leave-in spray conditioner for light hair. Helps to detangle locks and improves brushing.","breadcrumb":{"@id":"https:\/\/linalakkshop.ee\/en\/toode\/leave-in-spray-balm-with-argan-oil-250ml-2\/#breadcrumb"},"inLanguage":"en-US","potentialAction":[{"@type":"ReadAction","target":["https:\/\/linalakkshop.ee\/en\/toode\/leave-in-spray-balm-with-argan-oil-250ml-2\/"]}]},{"@type":"ImageObject","inLanguage":"en-US","@id":"https:\/\/linalakkshop.ee\/en\/toode\/leave-in-spray-balm-with-argan-oil-250ml-2\/#primaryimage","url":"https:\/\/linalakkshop.ee\/wp-content\/uploads\/2024\/07\/sprei1-scaled-1.jpg","contentUrl":"https:\/\/linalakkshop.ee\/wp-content\/uploads\/2024\/07\/sprei1-scaled-1.jpg","width":1953,"height":2560,"caption":"Leave-in spray balm with argan oil 250ml"},{"@type":"BreadcrumbList","@id":"https:\/\/linalakkshop.ee\/en\/toode\/leave-in-spray-balm-with-argan-oil-250ml-2\/#breadcrumb","itemListElement":[{"@type":"ListItem","position":1,"name":"Esileht","item":"https:\/\/linalakkshop.ee\/en\/homepage\/"},{"@type":"ListItem","position":2,"name":"E-shop","item":"https:\/\/linalakkshop.ee\/en\/shop\/"},{"@type":"ListItem","position":3,"name":"Leave-in spray balm with argan oil 250ml"}]},{"@type":"WebSite","@id":"https:\/\/linalakkshop.ee\/#website","url":"https:\/\/linalakkshop.ee\/","name":"Linalakk","description":"Eksklusiivsed tooted Sinu juuste heaks! Et iga p\u00e4ev oleks heade juuste p\u00e4ev!","publisher":{"@id":"https:\/\/linalakkshop.ee\/#organization"},"potentialAction":[{"@type":"SearchAction","target":{"@type":"EntryPoint","urlTemplate":"https:\/\/linalakkshop.ee\/?s={search_term_string}"},"query-input":{"@type":"PropertyValueSpecification","valueRequired":true,"valueName":"search_term_string"}}],"inLanguage":"en-US"},{"@type":"Organization","@id":"https:\/\/linalakkshop.ee\/#organization","name":"Linalakk","url":"https:\/\/linalakkshop.ee\/","logo":{"@type":"ImageObject","inLanguage":"en-US","@id":"https:\/\/linalakkshop.ee\/#\/schema\/logo\/image\/","url":"https:\/\/linalakkshop.ee\/wp-content\/uploads\/2024\/08\/letter-l-1.webp","contentUrl":"https:\/\/linalakkshop.ee\/wp-content\/uploads\/2024\/08\/letter-l-1.webp","width":512,"height":512,"caption":"Linalakk"},"image":{"@id":"https:\/\/linalakkshop.ee\/#\/schema\/logo\/image\/"},"sameAs":["https:\/\/www.facebook.com\/LinalakkShop"]}]}},"_links":{"self":[{"href":"https:\/\/linalakkshop.ee\/en\/wp-json\/wp\/v2\/product\/15094","targetHints":{"allow":["GET"]}}],"collection":[{"href":"https:\/\/linalakkshop.ee\/en\/wp-json\/wp\/v2\/product"}],"about":[{"href":"https:\/\/linalakkshop.ee\/en\/wp-json\/wp\/v2\/types\/product"}],"version-history":[{"count":0,"href":"https:\/\/linalakkshop.ee\/en\/wp-json\/wp\/v2\/product\/15094\/revisions"}],"wp:featuredmedia":[{"embeddable":true,"href":"https:\/\/linalakkshop.ee\/en\/wp-json\/wp\/v2\/media\/11315"}],"wp:attachment":[{"href":"https:\/\/linalakkshop.ee\/en\/wp-json\/wp\/v2\/media?parent=15094"}],"wp:term":[{"taxonomy":"product_brand","embeddable":true,"href":"https:\/\/linalakkshop.ee\/en\/wp-json\/wp\/v2\/product_brand?post=15094"},{"taxonomy":"product_cat","embeddable":true,"href":"https:\/\/linalakkshop.ee\/en\/wp-json\/wp\/v2\/product_cat?post=15094"},{"taxonomy":"product_tag","embeddable":true,"href":"https:\/\/linalakkshop.ee\/en\/wp-json\/wp\/v2\/product_tag?post=15094"}],"curies":[{"name":"wp","href":"https:\/\/api.w.org\/{rel}","templated":true}]}}